{"id":11751,"date":"2025-09-12T13:48:10","date_gmt":"2025-09-12T11:48:10","guid":{"rendered":"https:\/\/www.maintenance-messen.com\/?page_id=11751"},"modified":"2026-04-28T10:49:11","modified_gmt":"2026-04-28T08:49:11","slug":"messe-switch","status":"publish","type":"page","link":"https:\/\/www.maintenance-messen.com\/de\/messe-switch\/","title":{"rendered":"Messe Switch"},"content":{"rendered":"\t\t<div data-elementor-type=\"wp-page\" data-elementor-id=\"11751\" class=\"elementor elementor-11751\" data-elementor-post-type=\"page\">\n\t\t\t\t\t\t<section class=\"elementor-section elementor-top-section elementor-element elementor-element-09d2318 elementor-section-items-stretch elementor-section-full_width elementor-section-height-min-height elementor-hidden-desktop elementor-hidden-tablet elementor-hidden-mobile elementor-section-height-default\" data-id=\"09d2318\" data-element_type=\"section\" data-settings=\"{&quot;background_background&quot;:&quot;classic&quot;,&quot;shape_divider_bottom&quot;:&quot;tilt&quot;}\">\n\t\t\t\t\t\t\t<div class=\"elementor-background-overlay\"><\/div>\n\t\t\t\t\t\t<div class=\"elementor-shape elementor-shape-bottom\" aria-hidden=\"true\" data-negative=\"false\">\n\t\t\t<svg xmlns=\"http:\/\/www.w3.org\/2000\/svg\" viewBox=\"0 0 1000 100\" preserveAspectRatio=\"none\">\n\t<path class=\"elementor-shape-fill\" d=\"M0,6V0h1000v100L0,6z\"\/>\n<\/svg>\t\t<\/div>\n\t\t\t\t\t<div class=\"elementor-container elementor-column-gap-default\">\n\t\t\t\t\t<div class=\"elementor-column elementor-col-100 elementor-top-column elementor-element elementor-element-1a55575\" data-id=\"1a55575\" data-element_type=\"column\">\n\t\t\t<div class=\"elementor-widget-wrap elementor-element-populated\">\n\t\t\t\t\t\t<section class=\"elementor-section elementor-inner-section elementor-element elementor-element-32d2d04 elementor-section-boxed elementor-section-height-default elementor-section-height-default\" data-id=\"32d2d04\" data-element_type=\"section\">\n\t\t\t\t\t\t<div class=\"elementor-container elementor-column-gap-default\">\n\t\t\t\t\t<div class=\"elementor-column elementor-col-100 elementor-inner-column elementor-element elementor-element-7ca3eca\" data-id=\"7ca3eca\" data-element_type=\"column\">\n\t\t\t<div class=\"elementor-widget-wrap elementor-element-populated\">\n\t\t\t\t\t\t<div class=\"elementor-element elementor-element-9a6b15a elementor-widget elementor-widget-text-editor\" data-id=\"9a6b15a\" data-element_type=\"widget\" data-widget_type=\"text-editor.default\">\n\t\t\t\t<div class=\"elementor-widget-container\">\n\t\t\t\t\t\t\t\t\t<p>Herzlich Willkommen bei der<\/p>\t\t\t\t\t\t\t\t<\/div>\n\t\t\t\t<\/div>\n\t\t\t\t<div class=\"elementor-element elementor-element-04ec09c elementor-widget elementor-widget-heading\" data-id=\"04ec09c\" data-element_type=\"widget\" data-widget_type=\"heading.default\">\n\t\t\t\t<div class=\"elementor-widget-container\">\n\t\t\t\t\t<div class=\"elementor-heading-title elementor-size-default\">maintenance<\/div>\t\t\t\t<\/div>\n\t\t\t\t<\/div>\n\t\t\t\t<div class=\"elementor-element elementor-element-3d5e261 elementor-widget elementor-widget-text-editor\" data-id=\"3d5e261\" data-element_type=\"widget\" data-widget_type=\"text-editor.default\">\n\t\t\t\t<div class=\"elementor-widget-container\">\n\t\t\t\t\t\t\t\t\t<p>Deutschlands gr\u00f6\u00dftes Netzwerk der Instandhaltungsmessen<\/p>\t\t\t\t\t\t\t\t<\/div>\n\t\t\t\t<\/div>\n\t\t\t\t\t<\/div>\n\t\t<\/div>\n\t\t\t\t\t<\/div>\n\t\t<\/section>\n\t\t\t\t\t<\/div>\n\t\t<\/div>\n\t\t\t\t\t<\/div>\n\t\t<\/section>\n\t\t\t\t<section class=\"elementor-section elementor-top-section elementor-element elementor-element-f8ee662 elementor-section-items-stretch elementor-section-full_width elementor-section-height-min-height elementor-section-height-default\" data-id=\"f8ee662\" data-element_type=\"section\" data-settings=\"{&quot;background_background&quot;:&quot;classic&quot;,&quot;shape_divider_bottom&quot;:&quot;tilt&quot;}\">\n\t\t\t\t\t\t\t<div class=\"elementor-background-overlay\"><\/div>\n\t\t\t\t\t\t<div class=\"elementor-shape elementor-shape-bottom\" aria-hidden=\"true\" data-negative=\"false\">\n\t\t\t<svg xmlns=\"http:\/\/www.w3.org\/2000\/svg\" viewBox=\"0 0 1000 100\" preserveAspectRatio=\"none\">\n\t<path class=\"elementor-shape-fill\" d=\"M0,6V0h1000v100L0,6z\"\/>\n<\/svg>\t\t<\/div>\n\t\t\t\t\t<div class=\"elementor-container elementor-column-gap-default\">\n\t\t\t\t\t<div class=\"elementor-column elementor-col-100 elementor-top-column elementor-element elementor-element-18ed118\" data-id=\"18ed118\" data-element_type=\"column\">\n\t\t\t<div class=\"elementor-widget-wrap elementor-element-populated\">\n\t\t\t\t\t\t<div class=\"elementor-element elementor-element-236a182 elementor-widget elementor-widget-heading\" data-id=\"236a182\" data-element_type=\"widget\" data-widget_type=\"heading.default\">\n\t\t\t\t<div class=\"elementor-widget-container\">\n\t\t\t\t\t<h1 class=\"elementor-heading-title elementor-size-default\">Herzlich Willkommen bei der<br>\n<span style=\"color: #f39200\">\nmaintenance<\/span><\/h1>\t\t\t\t<\/div>\n\t\t\t\t<\/div>\n\t\t\t\t<section class=\"elementor-section elementor-inner-section elementor-element elementor-element-a57efb5 elementor-section-boxed elementor-section-height-default elementor-section-height-default\" data-id=\"a57efb5\" data-element_type=\"section\">\n\t\t\t\t\t\t<div class=\"elementor-container elementor-column-gap-default\">\n\t\t\t\t\t<div class=\"elementor-column elementor-col-100 elementor-inner-column elementor-element elementor-element-52e51b9\" data-id=\"52e51b9\" data-element_type=\"column\">\n\t\t\t<div class=\"elementor-widget-wrap elementor-element-populated\">\n\t\t\t\t\t\t<div class=\"elementor-element elementor-element-750019f elementor-widget elementor-widget-text-editor\" data-id=\"750019f\" data-element_type=\"widget\" data-widget_type=\"text-editor.default\">\n\t\t\t\t<div class=\"elementor-widget-container\">\n\t\t\t\t\t\t\t\t\t<p>Das f\u00fchrende Netzwerk der Instandhaltungsmessen in der DACH-Region<\/p>\t\t\t\t\t\t\t\t<\/div>\n\t\t\t\t<\/div>\n\t\t\t\t\t<\/div>\n\t\t<\/div>\n\t\t\t\t\t<\/div>\n\t\t<\/section>\n\t\t\t\t\t<\/div>\n\t\t<\/div>\n\t\t\t\t\t<\/div>\n\t\t<\/section>\n\t\t<div class=\"elementor-element elementor-element-4512d14 section-m e-flex e-con-boxed e-con e-parent\" data-id=\"4512d14\" data-element_type=\"container\">\n\t\t\t\t\t<div class=\"e-con-inner\">\n\t\t\t\t<div class=\"elementor-element elementor-element-9a58183 elementor-widget elementor-widget-heading\" data-id=\"9a58183\" data-element_type=\"widget\" data-widget_type=\"heading.default\">\n\t\t\t\t<div class=\"elementor-widget-container\">\n\t\t\t\t\t<h2 class=\"elementor-heading-title elementor-size-default\">W\u00e4hlen Sie Ihren <span style=\"color:#F39200\">Standort<\/span><\/h2>\t\t\t\t<\/div>\n\t\t\t\t<\/div>\n\t\t\t\t<div class=\"elementor-element elementor-element-123952f elementor-widget elementor-widget-text-editor\" data-id=\"123952f\" data-element_type=\"widget\" data-widget_type=\"text-editor.default\">\n\t\t\t\t<div class=\"elementor-widget-container\">\n\t\t\t\t\t\t\t\t\t<p>Die maintenance ist die f\u00fchrende Fachmessenreihe f\u00fcr industrielle Instandhaltung in der DACH-Region.<br \/>Besuchen Sie uns an einem unserer Standorte und entdecken Sie innovative L\u00f6sungen, Technologien und Trends der Branche. Kn\u00fcpfen Sie wertvolle Kontakte und tauschen Sie sich mit Experten aus.<\/p>\t\t\t\t\t\t\t\t<\/div>\n\t\t\t\t<\/div>\n\t\t\t\t\t<\/div>\n\t\t\t\t<\/div>\n\t\t<div class=\"elementor-element elementor-element-ecc8236 e-grid section-s e-con-boxed e-con e-child\" data-id=\"ecc8236\" data-element_type=\"container\" data-settings=\"{&quot;background_background&quot;:&quot;classic&quot;}\">\n\t\t\t\t\t<div class=\"e-con-inner\">\n\t\t<div class=\"elementor-element elementor-element-3010d68 e-con-full e-flex e-con e-child\" data-id=\"3010d68\" data-element_type=\"container\" data-settings=\"{&quot;background_background&quot;:&quot;classic&quot;}\">\n\t\t\t\t<div class=\"elementor-element elementor-element-0575cbb elementor-widget elementor-widget-image\" data-id=\"0575cbb\" data-element_type=\"widget\" data-widget_type=\"image.default\">\n\t\t\t\t<div class=\"elementor-widget-container\">\n\t\t\t\t\t\t\t\t\t\t\t\t\t\t\t<img fetchpriority=\"high\" decoding=\"async\" width=\"1200\" height=\"838\" src=\"https:\/\/easyfairsassets.com\/sites\/20\/2026\/02\/maintenance-Muenchen_small.png\" class=\"attachment-full size-full wp-image-12918\" alt=\"maintenance M\u00fcnchen\" srcset=\"https:\/\/easyfairsassets.com\/sites\/20\/2026\/02\/maintenance-Muenchen_small.png 1200w, https:\/\/easyfairsassets.com\/sites\/20\/2026\/02\/maintenance-Muenchen_small-300x210.png 300w, https:\/\/easyfairsassets.com\/sites\/20\/2026\/02\/maintenance-Muenchen_small-1024x715.png 1024w, https:\/\/easyfairsassets.com\/sites\/20\/2026\/02\/maintenance-Muenchen_small-768x536.png 768w\" sizes=\"(max-width: 1200px) 100vw, 1200px\" \/>\t\t\t\t\t\t\t\t\t\t\t\t\t\t\t<\/div>\n\t\t\t\t<\/div>\n\t\t<div class=\"elementor-element elementor-element-02da1e6 e-con-full e-flex e-con e-child\" data-id=\"02da1e6\" data-element_type=\"container\" data-settings=\"{&quot;background_background&quot;:&quot;classic&quot;}\">\n\t\t\t\t<div class=\"elementor-element elementor-element-614b1ec elementor-widget elementor-widget-heading\" data-id=\"614b1ec\" data-element_type=\"widget\" data-widget_type=\"heading.default\">\n\t\t\t\t<div class=\"elementor-widget-container\">\n\t\t\t\t\t<h3 class=\"elementor-heading-title elementor-size-default\">maintenance <span style=\"color:#F39200\">M\u00fcnchen<\/span><\/h3>\t\t\t\t<\/div>\n\t\t\t\t<\/div>\n\t\t\t\t<div class=\"elementor-element elementor-element-8f7e7a5 elementor-widget elementor-widget-heading\" data-id=\"8f7e7a5\" data-element_type=\"widget\" data-widget_type=\"heading.default\">\n\t\t\t\t<div class=\"elementor-widget-container\">\n\t\t\t\t\t<h4 class=\"elementor-heading-title elementor-size-default\">Fachmesse f\u00fcr industrielle Instandhaltung<\/h4>\t\t\t\t<\/div>\n\t\t\t\t<\/div>\n\t\t\t\t<div class=\"elementor-element elementor-element-ef509f1 elementor-icon-list--layout-traditional elementor-list-item-link-full_width elementor-widget elementor-widget-icon-list\" data-id=\"ef509f1\" data-element_type=\"widget\" data-widget_type=\"icon-list.default\">\n\t\t\t\t<div class=\"elementor-widget-container\">\n\t\t\t\t\t\t\t<ul class=\"elementor-icon-list-items\">\n\t\t\t\t\t\t\t<li class=\"elementor-icon-list-item\">\n\t\t\t\t\t\t\t\t\t\t\t<span class=\"elementor-icon-list-icon\">\n\t\t\t\t\t\t\t<i aria-hidden=\"true\" class=\"fas fa-map-marker-alt\"><\/i>\t\t\t\t\t\t<\/span>\n\t\t\t\t\t\t\t\t\t\t<span class=\"elementor-icon-list-text\">MOC - Event Center Messe M\u00fcnchen<\/span>\n\t\t\t\t\t\t\t\t\t<\/li>\n\t\t\t\t\t\t\t\t<li class=\"elementor-icon-list-item\">\n\t\t\t\t\t\t\t\t\t\t\t<span class=\"elementor-icon-list-icon\">\n\t\t\t\t\t\t\t<i aria-hidden=\"true\" class=\"far fa-calendar-alt\"><\/i>\t\t\t\t\t\t<\/span>\n\t\t\t\t\t\t\t\t\t\t<span class=\"elementor-icon-list-text\">14. - 15. Oktober 2026<\/span>\n\t\t\t\t\t\t\t\t\t<\/li>\n\t\t\t\t\t\t<\/ul>\n\t\t\t\t\t\t<\/div>\n\t\t\t\t<\/div>\n\t\t<div class=\"elementor-element elementor-element-17a94b3 e-con-full e-flex e-con e-child\" data-id=\"17a94b3\" data-element_type=\"container\">\n\t\t\t\t<div class=\"elementor-element elementor-element-e766d04 elementor-align-justify elementor-widget__width-inherit elementor-widget elementor-widget-button\" data-id=\"e766d04\" data-element_type=\"widget\" data-widget_type=\"button.default\">\n\t\t\t\t<div class=\"elementor-widget-container\">\n\t\t\t\t\t\t\t\t\t<div class=\"elementor-button-wrapper\">\n\t\t\t\t\t<a class=\"elementor-button elementor-button-link elementor-size-md\" href=\"https:\/\/www.maintenance-messen.com\/de\/startseite\/\" target=\"_blank\">\n\t\t\t\t\t\t<span class=\"elementor-button-content-wrapper\">\n\t\t\t\t\t\t<span class=\"elementor-button-icon\">\n\t\t\t\t<i aria-hidden=\"true\" class=\"fas fa-external-link-alt\"><\/i>\t\t\t<\/span>\n\t\t\t\t\t\t\t\t\t<span class=\"elementor-button-text\">Zur Messewebseite<\/span>\n\t\t\t\t\t<\/span>\n\t\t\t\t\t<\/a>\n\t\t\t\t<\/div>\n\t\t\t\t\t\t\t\t<\/div>\n\t\t\t\t<\/div>\n\t\t\t\t<\/div>\n\t\t\t\t<\/div>\n\t\t\t\t<\/div>\n\t\t<div class=\"elementor-element elementor-element-c7727fe e-con-full e-flex e-con e-child\" data-id=\"c7727fe\" data-element_type=\"container\" data-settings=\"{&quot;background_background&quot;:&quot;classic&quot;}\">\n\t\t\t\t<div class=\"elementor-element elementor-element-c897084 elementor-widget elementor-widget-image\" data-id=\"c897084\" data-element_type=\"widget\" data-widget_type=\"image.default\">\n\t\t\t\t<div class=\"elementor-widget-container\">\n\t\t\t\t\t\t\t\t\t\t\t\t\t\t\t<img decoding=\"async\" width=\"1024\" height=\"768\" src=\"https:\/\/easyfairsassets.com\/sites\/20\/2025\/05\/maintenance_dortmund_aussenasicht_1024.jpg\" class=\"attachment-full size-full wp-image-4212\" alt=\"\" srcset=\"https:\/\/easyfairsassets.com\/sites\/20\/2025\/05\/maintenance_dortmund_aussenasicht_1024.jpg 1024w, https:\/\/easyfairsassets.com\/sites\/20\/2025\/05\/maintenance_dortmund_aussenasicht_1024-300x225.jpg 300w, https:\/\/easyfairsassets.com\/sites\/20\/2025\/05\/maintenance_dortmund_aussenasicht_1024-768x576.jpg 768w\" sizes=\"(max-width: 1024px) 100vw, 1024px\" \/>\t\t\t\t\t\t\t\t\t\t\t\t\t\t\t<\/div>\n\t\t\t\t<\/div>\n\t\t<div class=\"elementor-element elementor-element-b876216 e-con-full e-flex e-con e-child\" data-id=\"b876216\" data-element_type=\"container\" data-settings=\"{&quot;background_background&quot;:&quot;classic&quot;}\">\n\t\t\t\t<div class=\"elementor-element elementor-element-61df822 elementor-widget elementor-widget-heading\" data-id=\"61df822\" data-element_type=\"widget\" data-widget_type=\"heading.default\">\n\t\t\t\t<div class=\"elementor-widget-container\">\n\t\t\t\t\t<h3 class=\"elementor-heading-title elementor-size-default\">maintenance <span style=\"color:#F39200\">Dortmund<\/span><\/h3>\t\t\t\t<\/div>\n\t\t\t\t<\/div>\n\t\t\t\t<div class=\"elementor-element elementor-element-2a019de elementor-widget elementor-widget-heading\" data-id=\"2a019de\" data-element_type=\"widget\" data-widget_type=\"heading.default\">\n\t\t\t\t<div class=\"elementor-widget-container\">\n\t\t\t\t\t<h4 class=\"elementor-heading-title elementor-size-default\">Leitmesse f\u00fcr industrielle Instandhaltung<\/h4>\t\t\t\t<\/div>\n\t\t\t\t<\/div>\n\t\t\t\t<div class=\"elementor-element elementor-element-08d3c08 elementor-icon-list--layout-traditional elementor-list-item-link-full_width elementor-widget elementor-widget-icon-list\" data-id=\"08d3c08\" data-element_type=\"widget\" data-widget_type=\"icon-list.default\">\n\t\t\t\t<div class=\"elementor-widget-container\">\n\t\t\t\t\t\t\t<ul class=\"elementor-icon-list-items\">\n\t\t\t\t\t\t\t<li class=\"elementor-icon-list-item\">\n\t\t\t\t\t\t\t\t\t\t\t<span class=\"elementor-icon-list-icon\">\n\t\t\t\t\t\t\t<i aria-hidden=\"true\" class=\"fas fa-map-marker-alt\"><\/i>\t\t\t\t\t\t<\/span>\n\t\t\t\t\t\t\t\t\t\t<span class=\"elementor-icon-list-text\">Messe Dortmund<\/span>\n\t\t\t\t\t\t\t\t\t<\/li>\n\t\t\t\t\t\t\t\t<li class=\"elementor-icon-list-item\">\n\t\t\t\t\t\t\t\t\t\t\t<span class=\"elementor-icon-list-icon\">\n\t\t\t\t\t\t\t<i aria-hidden=\"true\" class=\"far fa-calendar-alt\"><\/i>\t\t\t\t\t\t<\/span>\n\t\t\t\t\t\t\t\t\t\t<span class=\"elementor-icon-list-text\">24. - 25. Februar 2027<\/span>\n\t\t\t\t\t\t\t\t\t<\/li>\n\t\t\t\t\t\t<\/ul>\n\t\t\t\t\t\t<\/div>\n\t\t\t\t<\/div>\n\t\t<div class=\"elementor-element elementor-element-04b39e4 e-con-full e-flex e-con e-child\" data-id=\"04b39e4\" data-element_type=\"container\">\n\t\t\t\t<div class=\"elementor-element elementor-element-9e41fd2 elementor-align-justify elementor-widget__width-inherit elementor-widget elementor-widget-button\" data-id=\"9e41fd2\" data-element_type=\"widget\" data-widget_type=\"button.default\">\n\t\t\t\t<div class=\"elementor-widget-container\">\n\t\t\t\t\t\t\t\t\t<div class=\"elementor-button-wrapper\">\n\t\t\t\t\t<a class=\"elementor-button elementor-button-link elementor-size-md\" href=\"https:\/\/www.maintenance-dortmund.de\/\" target=\"_blank\">\n\t\t\t\t\t\t<span class=\"elementor-button-content-wrapper\">\n\t\t\t\t\t\t<span class=\"elementor-button-icon\">\n\t\t\t\t<i aria-hidden=\"true\" class=\"fas fa-external-link-alt\"><\/i>\t\t\t<\/span>\n\t\t\t\t\t\t\t\t\t<span class=\"elementor-button-text\">Zur Messewebseite<\/span>\n\t\t\t\t\t<\/span>\n\t\t\t\t\t<\/a>\n\t\t\t\t<\/div>\n\t\t\t\t\t\t\t\t<\/div>\n\t\t\t\t<\/div>\n\t\t\t\t<\/div>\n\t\t\t\t<\/div>\n\t\t\t\t<\/div>\n\t\t\t\t\t<\/div>\n\t\t\t\t<\/div>\n\t\t<div class=\"elementor-element elementor-element-b1c722e e-grid section-s e-con-boxed e-con e-child\" data-id=\"b1c722e\" data-element_type=\"container\" data-settings=\"{&quot;background_background&quot;:&quot;classic&quot;}\">\n\t\t\t\t\t<div class=\"e-con-inner\">\n\t\t<div class=\"elementor-element elementor-element-0d84675 e-con-full e-flex e-con e-child\" data-id=\"0d84675\" data-element_type=\"container\" data-settings=\"{&quot;background_background&quot;:&quot;classic&quot;}\">\n\t\t\t\t<div class=\"elementor-element elementor-element-a241cf6 elementor-widget elementor-widget-image\" data-id=\"a241cf6\" data-element_type=\"widget\" data-widget_type=\"image.default\">\n\t\t\t\t<div class=\"elementor-widget-container\">\n\t\t\t\t\t\t\t\t\t\t\t\t\t\t\t<img decoding=\"async\" width=\"1200\" height=\"396\" src=\"https:\/\/easyfairsassets.com\/sites\/20\/2026\/03\/Messe-Wels.jpg\" class=\"attachment-full size-full wp-image-13663\" alt=\"\" srcset=\"https:\/\/easyfairsassets.com\/sites\/20\/2026\/03\/Messe-Wels.jpg 1200w, https:\/\/easyfairsassets.com\/sites\/20\/2026\/03\/Messe-Wels-300x99.jpg 300w, https:\/\/easyfairsassets.com\/sites\/20\/2026\/03\/Messe-Wels-1024x338.jpg 1024w, https:\/\/easyfairsassets.com\/sites\/20\/2026\/03\/Messe-Wels-768x253.jpg 768w\" sizes=\"(max-width: 1200px) 100vw, 1200px\" \/>\t\t\t\t\t\t\t\t\t\t\t\t\t\t\t<\/div>\n\t\t\t\t<\/div>\n\t\t<div class=\"elementor-element elementor-element-b9f4bd0 e-con-full e-flex e-con e-child\" data-id=\"b9f4bd0\" data-element_type=\"container\" data-settings=\"{&quot;background_background&quot;:&quot;classic&quot;}\">\n\t\t\t\t<div class=\"elementor-element elementor-element-7135184 elementor-widget elementor-widget-heading\" data-id=\"7135184\" data-element_type=\"widget\" data-widget_type=\"heading.default\">\n\t\t\t\t<div class=\"elementor-widget-container\">\n\t\t\t\t\t<h3 class=\"elementor-heading-title elementor-size-default\">maintenance <span style=\"color:#F39200\">Wels<\/span><\/h3>\t\t\t\t<\/div>\n\t\t\t\t<\/div>\n\t\t\t\t<div class=\"elementor-element elementor-element-495f931 elementor-widget elementor-widget-heading\" data-id=\"495f931\" data-element_type=\"widget\" data-widget_type=\"heading.default\">\n\t\t\t\t<div class=\"elementor-widget-container\">\n\t\t\t\t\t<h4 class=\"elementor-heading-title elementor-size-default\">Fachmesse f\u00fcr industrielle Instandhaltung<\/h4>\t\t\t\t<\/div>\n\t\t\t\t<\/div>\n\t\t\t\t<div class=\"elementor-element elementor-element-382f5b3 elementor-icon-list--layout-traditional elementor-list-item-link-full_width elementor-widget elementor-widget-icon-list\" data-id=\"382f5b3\" data-element_type=\"widget\" data-widget_type=\"icon-list.default\">\n\t\t\t\t<div class=\"elementor-widget-container\">\n\t\t\t\t\t\t\t<ul class=\"elementor-icon-list-items\">\n\t\t\t\t\t\t\t<li class=\"elementor-icon-list-item\">\n\t\t\t\t\t\t\t\t\t\t\t<span class=\"elementor-icon-list-icon\">\n\t\t\t\t\t\t\t<i aria-hidden=\"true\" class=\"fas fa-map-marker-alt\"><\/i>\t\t\t\t\t\t<\/span>\n\t\t\t\t\t\t\t\t\t\t<span class=\"elementor-icon-list-text\">Wels, \u00d6sterreich<\/span>\n\t\t\t\t\t\t\t\t\t<\/li>\n\t\t\t\t\t\t\t\t<li class=\"elementor-icon-list-item\">\n\t\t\t\t\t\t\t\t\t\t\t<span class=\"elementor-icon-list-icon\">\n\t\t\t\t\t\t\t<i aria-hidden=\"true\" class=\"far fa-calendar-alt\"><\/i>\t\t\t\t\t\t<\/span>\n\t\t\t\t\t\t\t\t\t\t<span class=\"elementor-icon-list-text\">17. - 18. Mai 2028<\/span>\n\t\t\t\t\t\t\t\t\t<\/li>\n\t\t\t\t\t\t<\/ul>\n\t\t\t\t\t\t<\/div>\n\t\t\t\t<\/div>\n\t\t<div class=\"elementor-element elementor-element-676a6f7 e-con-full e-flex e-con e-child\" data-id=\"676a6f7\" data-element_type=\"container\">\n\t\t\t\t<div class=\"elementor-element elementor-element-0db0aec elementor-align-justify elementor-widget__width-inherit elementor-widget elementor-widget-button\" data-id=\"0db0aec\" data-element_type=\"widget\" data-widget_type=\"button.default\">\n\t\t\t\t<div class=\"elementor-widget-container\">\n\t\t\t\t\t\t\t\t\t<div class=\"elementor-button-wrapper\">\n\t\t\t\t\t<a class=\"elementor-button elementor-button-link elementor-size-md\" href=\"https:\/\/www.maintenance-messen.com\/wp-content\/uploads\/sites\/20\/2026\/03\/maintenance-Wels_28_Broschuere_DE.pdf\" target=\"_blank\">\n\t\t\t\t\t\t<span class=\"elementor-button-content-wrapper\">\n\t\t\t\t\t\t<span class=\"elementor-button-icon\">\n\t\t\t\t<i aria-hidden=\"true\" class=\"fas fa-external-link-alt\"><\/i>\t\t\t<\/span>\n\t\t\t\t\t\t\t\t\t<span class=\"elementor-button-text\">Zur Standanfrage<\/span>\n\t\t\t\t\t<\/span>\n\t\t\t\t\t<\/a>\n\t\t\t\t<\/div>\n\t\t\t\t\t\t\t\t<\/div>\n\t\t\t\t<\/div>\n\t\t\t\t<\/div>\n\t\t\t\t<\/div>\n\t\t\t\t<\/div>\n\t\t\t\t<div class=\"elementor-element elementor-element-7304a63 elementor-widget elementor-widget-text-editor\" data-id=\"7304a63\" data-element_type=\"widget\" data-widget_type=\"text-editor.default\">\n\t\t\t\t<div class=\"elementor-widget-container\">\n\t\t\t\t\t\t\t\t\t<p><strong>Wir sagen &#8222;Gria\u00df di&#8220;! <\/strong><\/p><p><strong><span style=\"color: #f39200;\">Die Leitmesse f\u00fcr industrielle Instandhaltung kommt 2028 nach \u00d6sterreich!<\/span><\/strong><\/p><p>Als die etablierte<strong>\u00a0Fachmessenreihe rund um industrielle Instandhaltung<\/strong> im deutschsprachigen Raum bringt die maintenance Anwender, Entscheider und L\u00f6sungsanbieter gezielt und auf Augenh\u00f6he zusammen \u2013 mit klarem Fokus auf Effizienz, Anlagenverf\u00fcgbarkeit und Zukunftssicherheit in der Produktion.<\/p><p>Mit der <strong>maintenance Wels 2028<\/strong> wird dieses bew\u00e4hrte Messekonzept nach \u00d6sterreich \u00fcbertragen \u2013 und schafft damit einen neuen, hochrelevanten Branchentreffpunkt dort, wo Industrie zu Hause ist.<\/p><p>Nutzen Sie die Chance, sich fr\u00fchzeitig im \u00f6sterreichischen Markt zu positionieren und Teil dieses starken Netzwerks zu werden \u2013 <strong><a href=\"https:\/\/www.maintenance-messen.com\/wp-content\/uploads\/sites\/20\/2026\/03\/maintenance-Wels_28_Broschuere_DE.pdf\" target=\"_blank\" rel=\"noopener\"><span style=\"color: #f39200;\">sichern Sie sich jetzt Ihren Stand<\/span><\/a><\/strong>!<\/p>\t\t\t\t\t\t\t\t<\/div>\n\t\t\t\t<\/div>\n\t\t\t\t\t<\/div>\n\t\t\t\t<\/div>\n\t\t\t\t<\/div>\n\t\t","protected":false},"excerpt":{"rendered":"<p>Herzlich Willkommen bei der maintenance Deutschlands gr\u00f6\u00dftes Netzwerk der Instandhaltungsmessen Herzlich Willkommen bei der maintenance Das f\u00fchrende Netzwerk der Instandhaltungsmessen in der DACH-Region W\u00e4hlen Sie Ihren Standort Die maintenance ist die f\u00fchrende Fachmessenreihe f\u00fcr industrielle Instandhaltung in der DACH-Region.Besuchen Sie uns an einem unserer Standorte und entdecken Sie innovative L\u00f6sungen, Technologien und Trends der Branche. [&hellip;]<\/p>\n","protected":false},"author":1416,"featured_media":0,"parent":0,"menu_order":0,"comment_status":"closed","ping_status":"closed","template":"","meta":{"_seopress_robots_primary_cat":"","_seopress_titles_title":"maintenance Fachmesse: Dortmund & M\u00fcnchen","_seopress_titles_desc":"W\u00e4hlen Sie Ihren Standort f\u00fcr die maintenance Messen in Dortmund oder M\u00fcnchen! Ihr Branchen-Treffpunkt f\u00fcr industrielle Instandhaltung. Jetzt Termin sichern!","_seopress_robots_index":"","footnotes":""},"class_list":["post-11751","page","type-page","status-publish","hentry"],"_links":{"self":[{"href":"https:\/\/www.maintenance-messen.com\/de\/wp-json\/wp\/v2\/pages\/11751","targetHints":{"allow":["GET"]}}],"collection":[{"href":"https:\/\/www.maintenance-messen.com\/de\/wp-json\/wp\/v2\/pages"}],"about":[{"href":"https:\/\/www.maintenance-messen.com\/de\/wp-json\/wp\/v2\/types\/page"}],"author":[{"embeddable":true,"href":"https:\/\/www.maintenance-messen.com\/de\/wp-json\/wp\/v2\/users\/1416"}],"replies":[{"embeddable":true,"href":"https:\/\/www.maintenance-messen.com\/de\/wp-json\/wp\/v2\/comments?post=11751"}],"version-history":[{"count":5,"href":"https:\/\/www.maintenance-messen.com\/de\/wp-json\/wp\/v2\/pages\/11751\/revisions"}],"predecessor-version":[{"id":14511,"href":"https:\/\/www.maintenance-messen.com\/de\/wp-json\/wp\/v2\/pages\/11751\/revisions\/14511"}],"wp:attachment":[{"href":"https:\/\/www.maintenance-messen.com\/de\/wp-json\/wp\/v2\/media?parent=11751"}],"curies":[{"name":"wp","href":"https:\/\/api.w.org\/{rel}","templated":true}]}}